{"id":28,"date":"2023-12-08T18:58:07","date_gmt":"2023-12-08T18:58:07","guid":{"rendered":"http:\/\/accampal.es\/?page_id=28"},"modified":"2023-12-08T20:01:00","modified_gmt":"2023-12-08T20:01:00","slug":"logo","status":"publish","type":"page","link":"https:\/\/accampal.es\/index.php\/logo\/","title":{"rendered":"LOGO"},"content":{"rendered":"\n<p>A pegada da caza da balea en Malpica est\u00e1 moi presente a d\u00eda de hoxe, algunha casa ten na estructura un oso de balea, pero sobre todo queda retratada para a inmortalidade cas pinturas, cadros e  murais de Urbano Lugr\u00eds, contactamos ca neta do artista e ped\u00edmoslle permiso para o uso da balea como a nosa imaxe corporativa e aceptou encantada.<\/p>\n\n\n\n<p>Co permiso na man falamos con Ant\u00f3n Lezcano, un dos millores dese\u00f1adores gr\u00e1ficos galegos que aceptou o reto de darlle a balea de Lugr\u00eds un toque rockeiro, o resultado \u00e9 inmellorable.<\/p>\n\n\n\n<figure class=\"wp-block-image size-full is-resized\"><img loading=\"lazy\" decoding=\"async\" width=\"233\" height=\"217\" src=\"http:\/\/accampal.es\/wp-content\/uploads\/2023\/12\/Unknown-1.jpeg\" alt=\"\" class=\"wp-image-57\" style=\"width:209px;height:auto\"\/><\/figure>\n\n\n\n<figure class=\"wp-block-image size-full\"><img loading=\"lazy\" decoding=\"async\" width=\"204\" height=\"192\" src=\"http:\/\/accampal.es\/wp-content\/uploads\/2023\/12\/Unknown-2.jpeg\" alt=\"\" class=\"wp-image-58\"\/><\/figure>\n","protected":false},"excerpt":{"rendered":"<div class=\"mh-excerpt\"><p>A pegada da caza da balea en Malpica est\u00e1 moi presente a d\u00eda de hoxe, algunha casa ten na estructura un oso de balea, pero <a class=\"mh-excerpt-more\" href=\"https:\/\/accampal.es\/index.php\/logo\/\" title=\"LOGO\">[&#8230;]<\/a><\/p>\n<\/div>","protected":false},"author":1,"featured_media":0,"parent":0,"menu_order":0,"comment_status":"closed","ping_status":"closed","template":"","meta":{"footnotes":""},"class_list":["post-28","page","type-page","status-publish","hentry"],"_links":{"self":[{"href":"https:\/\/accampal.es\/index.php\/wp-json\/wp\/v2\/pages\/28","targetHints":{"allow":["GET"]}}],"collection":[{"href":"https:\/\/accampal.es\/index.php\/wp-json\/wp\/v2\/pages"}],"about":[{"href":"https:\/\/accampal.es\/index.php\/wp-json\/wp\/v2\/types\/page"}],"author":[{"embeddable":true,"href":"https:\/\/accampal.es\/index.php\/wp-json\/wp\/v2\/users\/1"}],"replies":[{"embeddable":true,"href":"https:\/\/accampal.es\/index.php\/wp-json\/wp\/v2\/comments?post=28"}],"version-history":[{"count":6,"href":"https:\/\/accampal.es\/index.php\/wp-json\/wp\/v2\/pages\/28\/revisions"}],"predecessor-version":[{"id":68,"href":"https:\/\/accampal.es\/index.php\/wp-json\/wp\/v2\/pages\/28\/revisions\/68"}],"wp:attachment":[{"href":"https:\/\/accampal.es\/index.php\/wp-json\/wp\/v2\/media?parent=28"}],"curies":[{"name":"wp","href":"https:\/\/api.w.org\/{rel}","templated":true}]}}